{"id":1102,"date":"2025-12-14T23:07:05","date_gmt":"2025-12-14T22:07:05","guid":{"rendered":"https:\/\/glanzpur.de\/?page_id=1102"},"modified":"2026-02-01T13:00:49","modified_gmt":"2026-02-01T12:00:49","slug":"datenschutz","status":"publish","type":"page","link":"https:\/\/glanzpur.de\/?page_id=1102","title":{"rendered":"Datenschutz"},"content":{"rendered":"\t\t<div data-elementor-type=\"wp-page\" data-elementor-id=\"1102\" class=\"elementor elementor-1102\">\n\t\t\t\t<div class=\"elementor-element elementor-element-1b1dd3ff e-flex e-con-boxed wpr-particle-no wpr-jarallax-no wpr-parallax-no wpr-sticky-section-no e-con e-parent\" data-id=\"1b1dd3ff\" data-element_type=\"container\" data-e-type=\"container\">\n\t\t\t\t\t<div class=\"e-con-inner\">\n\t\t\t\t<div class=\"elementor-element elementor-element-3aea504e elementor-widget elementor-widget-text-editor\" data-id=\"3aea504e\" data-element_type=\"widget\" data-e-type=\"widget\" data-widget_type=\"text-editor.default\">\n\t\t\t\t\t\t\t\t\t<p data-start=\"103\" data-end=\"127\"><strong data-start=\"103\" data-end=\"127\">Datenschutzerkl\u00e4rung<\/strong><\/p><p data-start=\"129\" data-end=\"345\">Der Schutz Ihrer pers\u00f6nlichen Daten ist uns ein besonderes Anliegen. Wir behandeln Ihre personenbezogenen Daten vertraulich und entsprechend den gesetzlichen Datenschutzvorschriften sowie dieser Datenschutzerkl\u00e4rung.<\/p><hr data-start=\"347\" data-end=\"350\" \/><h3 data-start=\"352\" data-end=\"375\">1. Verantwortlicher<\/h3><p data-start=\"377\" data-end=\"502\">GlanzPur Geb\u00e4udereinigung &amp; Winterdienst<br data-start=\"417\" data-end=\"420\" \/>Inhaber: Eren Tuncel<br data-start=\"440\" data-end=\"443\" \/>Kapellenstra\u00dfe 34A<br data-start=\"461\" data-end=\"464\" \/>40789 Monheim am Rhein<br data-start=\"486\" data-end=\"489\" \/>Deutschland<\/p><p data-start=\"504\" data-end=\"557\">Telefon: 0163 1310860<br data-start=\"525\" data-end=\"528\" \/>E-Mail: <a class=\"decorated-link cursor-pointer\" rel=\"noopener\" data-start=\"536\" data-end=\"555\">kontakt@glanzpur.de<\/a><\/p><hr data-start=\"559\" data-end=\"562\" \/><h3 data-start=\"564\" data-end=\"612\">2. Allgemeine Hinweise zur Datenverarbeitung<\/h3><p data-start=\"614\" data-end=\"830\">Personenbezogene Daten sind alle Daten, mit denen Sie pers\u00f6nlich identifiziert werden k\u00f6nnen. Diese Datenschutzerkl\u00e4rung erl\u00e4utert, welche Daten wir erheben, wie wir sie verwenden und zu welchem Zweck dies geschieht.<\/p><p data-start=\"832\" data-end=\"973\">Die Verarbeitung Ihrer Daten erfolgt auf Grundlage der Datenschutz-Grundverordnung (DSGVO) sowie der geltenden nationalen Datenschutzgesetze.<\/p><hr data-start=\"975\" data-end=\"978\" \/><h3 data-start=\"980\" data-end=\"1025\">3. Datenerfassung beim Besuch der Website<\/h3><p data-start=\"1027\" data-end=\"1159\">Beim Aufrufen unserer Website werden automatisch Informationen durch den Server erfasst. Diese sogenannten Server-Logfiles umfassen:<\/p><ul data-start=\"1161\" data-end=\"1330\"><li data-start=\"1161\" data-end=\"1175\"><p data-start=\"1163\" data-end=\"1175\">IP-Adresse<\/p><\/li><li data-start=\"1176\" data-end=\"1209\"><p data-start=\"1178\" data-end=\"1209\">Datum und Uhrzeit der Anfrage<\/p><\/li><li data-start=\"1210\" data-end=\"1243\"><p data-start=\"1212\" data-end=\"1243\">Browsertyp und Browserversion<\/p><\/li><li data-start=\"1244\" data-end=\"1274\"><p data-start=\"1246\" data-end=\"1274\">verwendetes Betriebssystem<\/p><\/li><li data-start=\"1275\" data-end=\"1291\"><p data-start=\"1277\" data-end=\"1291\">Referrer-URL<\/p><\/li><li data-start=\"1292\" data-end=\"1330\"><p data-start=\"1294\" data-end=\"1330\">Hostname des zugreifenden Rechners<\/p><\/li><\/ul><p data-start=\"1332\" data-end=\"1551\">Diese Daten werden ausschlie\u00dflich zur Sicherstellung eines st\u00f6rungsfreien Betriebs der Website und zur Verbesserung unseres Angebots ausgewertet. Eine Zusammenf\u00fchrung dieser Daten mit anderen Datenquellen erfolgt nicht.<\/p><p data-start=\"1553\" data-end=\"1600\"><strong data-start=\"1553\" data-end=\"1573\">Rechtsgrundlage:<\/strong> Art. 6 Abs. 1 lit. f DSGVO<\/p><hr data-start=\"1602\" data-end=\"1605\" \/><h3 data-start=\"1607\" data-end=\"1648\">4. Kontaktformular und E-Mail-Kontakt<\/h3><p data-start=\"1650\" data-end=\"1892\">Wenn Sie uns per Kontaktformular oder E-Mail Anfragen zukommen lassen, werden Ihre Angaben aus dem Formular inklusive der von Ihnen dort angegebenen Kontaktdaten zwecks Bearbeitung der Anfrage und f\u00fcr den Fall von Anschlussfragen gespeichert.<\/p><p data-start=\"1894\" data-end=\"1952\">Diese Daten geben wir nicht ohne Ihre Einwilligung weiter.<\/p><p data-start=\"1954\" data-end=\"1979\"><strong data-start=\"1954\" data-end=\"1977\">Verarbeitete Daten:<\/strong><\/p><ul data-start=\"1980\" data-end=\"2068\"><li data-start=\"1980\" data-end=\"1988\"><p data-start=\"1982\" data-end=\"1988\">Name<\/p><\/li><li data-start=\"1989\" data-end=\"2007\"><p data-start=\"1991\" data-end=\"2007\">E-Mail-Adresse<\/p><\/li><li data-start=\"2008\" data-end=\"2043\"><p data-start=\"2010\" data-end=\"2043\">Telefonnummer (falls angegeben)<\/p><\/li><li data-start=\"2044\" data-end=\"2068\"><p data-start=\"2046\" data-end=\"2068\">Inhalt der Nachricht<\/p><\/li><\/ul><p data-start=\"2070\" data-end=\"2157\"><strong data-start=\"2070\" data-end=\"2090\">Rechtsgrundlage:<\/strong><br data-start=\"2090\" data-end=\"2093\" \/>Art. 6 Abs. 1 lit. b DSGVO (Vertrag \/ vorvertragliche Ma\u00dfnahmen)<\/p><hr data-start=\"2159\" data-end=\"2162\" \/><h3 data-start=\"2164\" data-end=\"2194\">5. Verwendung von WhatsApp<\/h3><p data-start=\"2196\" data-end=\"2426\">Wir bieten die M\u00f6glichkeit, \u00fcber WhatsApp Kontakt mit uns aufzunehmen. Wenn Sie diesen Kommunikationsweg nutzen, werden personenbezogene Daten (z. B. Telefonnummer, Name, Nachrichteninhalt) an WhatsApp Ireland Limited \u00fcbermittelt.<\/p><p data-start=\"2428\" data-end=\"2613\">Bitte beachten Sie, dass WhatsApp personenbezogene Daten auch auf Servern au\u00dferhalb der EU verarbeiten kann. Auf den Umfang der durch WhatsApp erhobenen Daten haben wir keinen Einfluss.<\/p><p data-start=\"2615\" data-end=\"2679\"><strong data-start=\"2615\" data-end=\"2635\">Rechtsgrundlage:<\/strong><br data-start=\"2635\" data-end=\"2638\" \/>Art. 6 Abs. 1 lit. a DSGVO (Einwilligung)<\/p><hr data-start=\"2681\" data-end=\"2684\" \/><h3 data-start=\"2686\" data-end=\"2700\">6. Cookies<\/h3><p data-start=\"2702\" data-end=\"2868\">Unsere Website verwendet Cookies. Cookies sind kleine Textdateien, die auf Ihrem Endger\u00e4t gespeichert werden. Sie richten keinen Schaden an und enthalten keine Viren.<\/p><p data-start=\"2870\" data-end=\"2960\">Cookies dienen dazu, unsere Website nutzerfreundlicher, effektiver und sicherer zu machen.<\/p><p data-start=\"2962\" data-end=\"2986\"><strong data-start=\"2962\" data-end=\"2984\">Arten von Cookies:<\/strong><\/p><ul data-start=\"2987\" data-end=\"3043\"><li data-start=\"2987\" data-end=\"3019\"><p data-start=\"2989\" data-end=\"3019\">Technisch notwendige Cookies<\/p><\/li><li data-start=\"3020\" data-end=\"3043\"><p data-start=\"3022\" data-end=\"3043\">Funktionale Cookies<\/p><\/li><\/ul><p data-start=\"3045\" data-end=\"3164\"><strong data-start=\"3045\" data-end=\"3065\">Rechtsgrundlage:<\/strong><br data-start=\"3065\" data-end=\"3068\" \/>Art. 6 Abs. 1 lit. f DSGVO<br data-start=\"3094\" data-end=\"3097\" \/>Sofern eine Einwilligung abgefragt wird: Art. 6 Abs. 1 lit. a DSGVO<\/p><hr data-start=\"3166\" data-end=\"3169\" \/><h3 data-start=\"3171\" data-end=\"3203\">7. Analyse-Tools und Plugins<\/h3><p data-start=\"3205\" data-end=\"3379\">Derzeit werden keine externen Analyse- oder Tracking-Tools (wie Google Analytics) eingesetzt. Sollte sich dies \u00e4ndern, wird diese Datenschutzerkl\u00e4rung entsprechend angepasst.<\/p><hr data-start=\"3381\" data-end=\"3384\" \/><h3 data-start=\"3386\" data-end=\"3400\">8. Hosting<\/h3><p data-start=\"3402\" data-end=\"3579\">Unsere Website wird bei einem externen Hosting-Anbieter betrieben. Personenbezogene Daten, die auf dieser Website erfasst werden, werden auf den Servern des Hosters gespeichert.<\/p><p data-start=\"3581\" data-end=\"3761\">Der Einsatz des Hosters erfolgt zum Zwecke der Vertragserf\u00fcllung gegen\u00fcber unseren Kunden und im Interesse einer sicheren, schnellen und effizienten Bereitstellung unserer Website.<\/p><p data-start=\"3763\" data-end=\"3818\"><strong data-start=\"3763\" data-end=\"3783\">Rechtsgrundlage:<\/strong><br data-start=\"3783\" data-end=\"3786\" \/>Art. 6 Abs. 1 lit. b und f DSGVO<\/p><hr data-start=\"3820\" data-end=\"3823\" \/><h3 data-start=\"3825\" data-end=\"3865\">9. Ihre Rechte als betroffene Person<\/h3><p data-start=\"3867\" data-end=\"3901\">Sie haben jederzeit das Recht auf:<\/p><ul data-start=\"3903\" data-end=\"4200\"><li data-start=\"3903\" data-end=\"3961\"><p data-start=\"3905\" data-end=\"3961\">Auskunft \u00fcber Ihre gespeicherten Daten (Art. 15 DSGVO)<\/p><\/li><li data-start=\"3962\" data-end=\"4012\"><p data-start=\"3964\" data-end=\"4012\">Berichtigung unrichtiger Daten (Art. 16 DSGVO)<\/p><\/li><li data-start=\"4013\" data-end=\"4053\"><p data-start=\"4015\" data-end=\"4053\">L\u00f6schung Ihrer Daten (Art. 17 DSGVO)<\/p><\/li><li data-start=\"4054\" data-end=\"4104\"><p data-start=\"4056\" data-end=\"4104\">Einschr\u00e4nkung der Verarbeitung (Art. 18 DSGVO)<\/p><\/li><li data-start=\"4105\" data-end=\"4145\"><p data-start=\"4107\" data-end=\"4145\">Daten\u00fcbertragbarkeit (Art. 20 DSGVO)<\/p><\/li><li data-start=\"4146\" data-end=\"4200\"><p data-start=\"4148\" data-end=\"4200\">Widerspruch gegen die Verarbeitung (Art. 21 DSGVO)<\/p><\/li><\/ul><p data-start=\"4202\" data-end=\"4290\">Au\u00dferdem haben Sie das Recht, sich bei einer Datenschutz-Aufsichtsbeh\u00f6rde zu beschweren.<\/p><hr data-start=\"4292\" data-end=\"4295\" \/><h3 data-start=\"4297\" data-end=\"4332\">10. Widerruf Ihrer Einwilligung<\/h3><p data-start=\"4334\" data-end=\"4582\">Viele Datenverarbeitungsvorg\u00e4nge sind nur mit Ihrer ausdr\u00fccklichen Einwilligung m\u00f6glich. Sie k\u00f6nnen eine bereits erteilte Einwilligung jederzeit widerrufen. Die Rechtm\u00e4\u00dfigkeit der bis zum Widerruf erfolgten Datenverarbeitung bleibt davon unber\u00fchrt.<\/p><hr data-start=\"4584\" data-end=\"4587\" \/><h3 data-start=\"4589\" data-end=\"4626\">11. SSL- bzw. TLS-Verschl\u00fcsselung<\/h3><p data-start=\"4628\" data-end=\"4799\">Diese Website nutzt aus Sicherheitsgr\u00fcnden eine SSL- bzw. TLS-Verschl\u00fcsselung. Eine verschl\u00fcsselte Verbindung erkennen Sie an \u201ehttps:\/\/\u201c in der Adresszeile Ihres Browsers.<\/p><hr data-start=\"4801\" data-end=\"4804\" \/><h3 data-start=\"4806\" data-end=\"4865\">12. Aktualit\u00e4t und \u00c4nderung dieser Datenschutzerkl\u00e4rung<\/h3><p data-start=\"4867\" data-end=\"5045\">Diese Datenschutzerkl\u00e4rung ist aktuell g\u00fcltig. Durch die Weiterentwicklung unserer Website oder aufgrund ge\u00e4nderter gesetzlicher Vorgaben kann eine Anpassung erforderlich werden.<\/p>\t\t\t\t\t\t\t\t<\/div>\n\t\t\t\t\t<\/div>\n\t\t\t\t<\/div>\n\t\t\t\t<\/div>\n\t\t","protected":false},"excerpt":{"rendered":"<p>Datenschutzerkl\u00e4rung Der Schutz Ihrer pers\u00f6nlichen Daten ist uns ein besonderes Anliegen. Wir behandeln Ihre personenbezogenen Daten vertraulich und entsprechend den gesetzlichen Datenschutzvorschriften sowie dieser Datenschutzerkl\u00e4rung. 1. Verantwortlicher GlanzPur Geb\u00e4udereinigung &amp; WinterdienstInhaber: Eren TuncelKapellenstra\u00dfe 34A40789 Monheim am RheinDeutschland Telefon: 0163 1310860E-Mail: kontakt@glanzpur.de 2. Allgemeine Hinweise zur Datenverarbeitung Personenbezogene Daten sind alle Daten, mit denen Sie pers\u00f6nlich identifiziert werden k\u00f6nnen. Diese Datenschutzerkl\u00e4rung erl\u00e4utert, welche Daten wir erheben, wie wir sie verwenden und zu welchem Zweck dies geschieht. Die Verarbeitung Ihrer Daten erfolgt auf Grundlage der Datenschutz-Grundverordnung (DSGVO) sowie der geltenden nationalen Datenschutzgesetze. 3. Datenerfassung beim Besuch der Website Beim Aufrufen unserer Website werden automatisch Informationen durch den Server erfasst. Diese sogenannten Server-Logfiles umfassen: IP-Adresse Datum und Uhrzeit der Anfrage Browsertyp und Browserversion verwendetes Betriebssystem Referrer-URL Hostname des zugreifenden Rechners Diese Daten werden ausschlie\u00dflich zur Sicherstellung eines st\u00f6rungsfreien Betriebs der Website und zur Verbesserung unseres Angebots ausgewertet. Eine Zusammenf\u00fchrung dieser Daten mit anderen Datenquellen erfolgt nicht. Rechtsgrundlage: Art. 6 Abs. 1 lit. f DSGVO 4. Kontaktformular und E-Mail-Kontakt Wenn Sie uns per Kontaktformular oder E-Mail Anfragen zukommen lassen, werden Ihre Angaben aus dem Formular inklusive der von Ihnen dort angegebenen Kontaktdaten zwecks Bearbeitung der Anfrage und f\u00fcr den Fall von Anschlussfragen gespeichert. Diese Daten geben wir nicht ohne Ihre Einwilligung weiter. Verarbeitete Daten: Name E-Mail-Adresse Telefonnummer (falls angegeben) Inhalt der Nachricht Rechtsgrundlage:Art. 6 Abs. 1 lit. b DSGVO (Vertrag \/ vorvertragliche Ma\u00dfnahmen) 5. Verwendung von WhatsApp Wir bieten die M\u00f6glichkeit, \u00fcber WhatsApp Kontakt mit uns aufzunehmen. Wenn Sie diesen Kommunikationsweg nutzen, werden personenbezogene Daten (z. B. Telefonnummer, Name, Nachrichteninhalt) an WhatsApp Ireland Limited \u00fcbermittelt. Bitte beachten Sie, dass WhatsApp personenbezogene Daten auch auf Servern au\u00dferhalb der EU verarbeiten kann. Auf den Umfang der durch WhatsApp erhobenen Daten haben wir keinen Einfluss. Rechtsgrundlage:Art. 6 Abs. 1 lit. a DSGVO (Einwilligung) 6. Cookies Unsere Website verwendet Cookies. Cookies sind kleine Textdateien, die auf Ihrem Endger\u00e4t gespeichert werden. Sie richten keinen Schaden an und enthalten keine Viren. Cookies dienen dazu, unsere Website nutzerfreundlicher, effektiver und sicherer zu machen. Arten von Cookies: Technisch notwendige Cookies Funktionale Cookies Rechtsgrundlage:Art. 6 Abs. 1 lit. f DSGVOSofern eine Einwilligung abgefragt wird: Art. 6 Abs. 1 lit. a DSGVO 7. Analyse-Tools und Plugins Derzeit werden keine externen Analyse- oder Tracking-Tools (wie Google Analytics) eingesetzt. Sollte sich dies \u00e4ndern, wird diese Datenschutzerkl\u00e4rung entsprechend angepasst. 8. Hosting Unsere Website wird bei einem externen Hosting-Anbieter betrieben. Personenbezogene Daten, die auf dieser Website erfasst werden, werden auf den Servern des Hosters gespeichert. Der Einsatz des Hosters erfolgt zum Zwecke der Vertragserf\u00fcllung gegen\u00fcber unseren Kunden und im Interesse einer sicheren, schnellen und effizienten Bereitstellung unserer Website. Rechtsgrundlage:Art. 6 Abs. 1 lit. b und f DSGVO 9. Ihre Rechte als betroffene Person Sie haben jederzeit das Recht auf: Auskunft \u00fcber Ihre gespeicherten Daten (Art. 15 DSGVO) Berichtigung unrichtiger Daten (Art. 16 DSGVO) L\u00f6schung Ihrer Daten (Art. 17 DSGVO) Einschr\u00e4nkung der Verarbeitung (Art. 18 DSGVO) Daten\u00fcbertragbarkeit (Art. 20 DSGVO) Widerspruch gegen die Verarbeitung (Art. 21 DSGVO) Au\u00dferdem haben Sie das Recht, sich bei einer Datenschutz-Aufsichtsbeh\u00f6rde zu beschweren. 10. Widerruf Ihrer Einwilligung Viele Datenverarbeitungsvorg\u00e4nge sind nur mit Ihrer ausdr\u00fccklichen Einwilligung m\u00f6glich. Sie k\u00f6nnen eine bereits erteilte Einwilligung jederzeit widerrufen. Die Rechtm\u00e4\u00dfigkeit der bis zum Widerruf erfolgten Datenverarbeitung bleibt davon unber\u00fchrt. 11. SSL- bzw. TLS-Verschl\u00fcsselung Diese Website nutzt aus Sicherheitsgr\u00fcnden eine SSL- bzw. TLS-Verschl\u00fcsselung. Eine verschl\u00fcsselte Verbindung erkennen Sie an \u201ehttps:\/\/\u201c in der Adresszeile Ihres Browsers. 12. Aktualit\u00e4t und \u00c4nderung dieser Datenschutzerkl\u00e4rung Diese Datenschutzerkl\u00e4rung ist aktuell g\u00fcltig. Durch die Weiterentwicklung unserer Website oder aufgrund ge\u00e4nderter gesetzlicher Vorgaben kann eine Anpassung erforderlich werden.<\/p>\n","protected":false},"author":1,"featured_media":0,"parent":0,"menu_order":0,"comment_status":"closed","ping_status":"closed","template":"","meta":{"footnotes":""},"class_list":["post-1102","page","type-page","status-publish","hentry"],"_links":{"self":[{"href":"https:\/\/glanzpur.de\/index.php?rest_route=\/wp\/v2\/pages\/1102","targetHints":{"allow":["GET"]}}],"collection":[{"href":"https:\/\/glanzpur.de\/index.php?rest_route=\/wp\/v2\/pages"}],"about":[{"href":"https:\/\/glanzpur.de\/index.php?rest_route=\/wp\/v2\/types\/page"}],"author":[{"embeddable":true,"href":"https:\/\/glanzpur.de\/index.php?rest_route=\/wp\/v2\/users\/1"}],"replies":[{"embeddable":true,"href":"https:\/\/glanzpur.de\/index.php?rest_route=%2Fwp%2Fv2%2Fcomments&post=1102"}],"version-history":[{"count":3,"href":"https:\/\/glanzpur.de\/index.php?rest_route=\/wp\/v2\/pages\/1102\/revisions"}],"predecessor-version":[{"id":2258,"href":"https:\/\/glanzpur.de\/index.php?rest_route=\/wp\/v2\/pages\/1102\/revisions\/2258"}],"wp:attachment":[{"href":"https:\/\/glanzpur.de\/index.php?rest_route=%2Fwp%2Fv2%2Fmedia&parent=1102"}],"curies":[{"name":"wp","href":"https:\/\/api.w.org\/{rel}","templated":true}]}}